{"id":393,"date":"2023-10-16T18:12:31","date_gmt":"2023-10-16T23:12:31","guid":{"rendered":"https:\/\/186.154.142.124\/?page_id=393"},"modified":"2024-02-12T22:19:50","modified_gmt":"2024-02-13T03:19:50","slug":"oxygen-forensics","status":"publish","type":"page","link":"https:\/\/www.internet-solutions.com.co\/oxygen-forensics\/","title":{"rendered":"Oxygen Forensics"},"content":{"rendered":"<div data-colibri-id=\"393-c1\" class=\"style-459 style-local-393-c1 position-relative\">\n  <!---->\n  <div data-colibri-component=\"section\" data-colibri-id=\"393-c2\" id=\"about\" class=\"h-section h-section-global-spacing d-flex align-items-lg-center align-items-md-center align-items-center style-460 style-local-393-c2 position-relative\">\n    <!---->\n    <!---->\n    <div class=\"h-section-grid-container h-section-boxed-container\">\n      <!---->\n      <div data-colibri-id=\"393-c3\" class=\"h-row-container gutters-row-lg-0 gutters-row-md-0 gutters-row-0 gutters-row-v-lg-0 gutters-row-v-md-0 gutters-row-v-0 style-461 style-local-393-c3 position-relative\">\n        <!---->\n        <div class=\"h-row justify-content-lg-center justify-content-md-center justify-content-center align-items-lg-stretch align-items-md-stretch align-items-stretch gutters-col-lg-0 gutters-col-md-0 gutters-col-0 gutters-col-v-lg-0 gutters-col-v-md-0 gutters-col-v-0\">\n          <!---->\n          <div class=\"h-column h-column-container d-flex h-col-lg-auto h-col-md-auto h-col-auto style-462-outer style-local-393-c4-outer\">\n            <div data-colibri-id=\"393-c4\" class=\"d-flex h-flex-basis h-column__inner h-ui-empty-state-container h-px-lg-0 h-px-md-0 h-px-0 v-inner-lg-0 v-inner-md-0 v-inner-0 style-462 style-local-393-c4 position-relative\">\n              <!---->\n              <!---->\n              <div class=\"w-100 h-y-container h-column__content h-column__v-align flex-basis-100\">\n                <!---->\n              <\/div>\n            <\/div>\n          <\/div>\n          <div class=\"h-column h-column-container d-flex h-col-lg-auto h-col-md-auto h-col-auto style-463-outer style-local-393-c5-outer\">\n            <div data-colibri-id=\"393-c5\" class=\"d-flex h-flex-basis h-column__inner h-px-lg-2 h-px-md-2 h-px-2 v-inner-lg-2 v-inner-md-2 v-inner-2 style-463 style-local-393-c5 position-relative\">\n              <!---->\n              <!---->\n              <div class=\"w-100 h-y-container h-column__content h-column__v-align flex-basis-100 align-self-lg-start align-self-md-start align-self-start\">\n                <!---->\n                <div data-colibri-id=\"393-c6\" class=\"h-global-transition-all h-heading style-465 style-local-393-c6 position-relative h-element\">\n                  <!---->\n                  <div class=\"h-heading__outer style-465 style-local-393-c6\">\n                    <!---->\n                    <!---->\n                    <h2 class=\"\">Oxygen Forensics<\/h2>\n                  <\/div>\n                <\/div>\n                <div data-colibri-id=\"393-c7\" class=\"h-text h-text-component style-466 style-local-393-c7 position-relative h-element\">\n                  <!---->\n                  <!---->\n                  <div class=\"\">\n                    <p>Oxygen&nbsp;Forensics es uno de los fabricantes lideres mundiales de las herramientas de exploraci\u00f3n avanzada de datos forenses para dispositivos m\u00f3viles. La compa\u00f1\u00eda se dedica a la entrega de la soluci\u00f3n forense de dispositivos m\u00f3viles\n                      que cubren la m\u00e1s amplia gama de dispositivos m\u00f3viles como Android, iOS, Blackberry, Windows Phone, Symbian y otros sistemas operativos<\/p>\n                  <\/div>\n                <\/div>\n              <\/div>\n            <\/div>\n          <\/div>\n        <\/div>\n      <\/div>\n    <\/div>\n  <\/div>\n  <div data-colibri-component=\"section\" data-colibri-id=\"393-c8\" id=\"about-2\" class=\"h-section h-section-global-spacing d-flex align-items-lg-center align-items-md-center align-items-center style-1729 style-local-393-c8 position-relative\">\n    <!---->\n    <!---->\n    <div class=\"h-section-grid-container h-section-boxed-container\">\n      <!---->\n      <div data-colibri-id=\"393-c9\" class=\"h-row-container gutters-row-lg-2 gutters-row-md-2 gutters-row-2 gutters-row-v-lg-2 gutters-row-v-md-2 gutters-row-v-2 style-1730 style-local-393-c9 position-relative\">\n        <!---->\n        <div class=\"h-row justify-content-lg-center justify-content-md-center justify-content-center align-items-lg-stretch align-items-md-stretch align-items-stretch gutters-col-lg-2 gutters-col-md-2 gutters-col-2 gutters-col-v-lg-2 gutters-col-v-md-2 gutters-col-v-2\">\n          <!---->\n          <div class=\"h-column h-column-container d-flex h-col-lg-auto h-col-md-auto h-col-auto style-1731-outer style-local-393-c10-outer\">\n            <div data-colibri-id=\"393-c10\" class=\"d-flex h-flex-basis h-column__inner h-px-lg-2 h-px-md-2 h-px-2 v-inner-lg-2 v-inner-md-2 v-inner-2 style-1731 style-local-393-c10 position-relative\">\n              <!---->\n              <!---->\n              <div class=\"w-100 h-y-container h-column__content h-column__v-align flex-basis-100 align-self-lg-center align-self-md-center align-self-center\">\n                <!---->\n                <div data-colibri-id=\"393-c11\" class=\"h-global-transition-all h-heading style-1733 style-local-393-c11 position-relative h-element\">\n                  <!---->\n                  <div class=\"h-heading__outer style-1733 style-local-393-c11\">\n                    <!---->\n                    <!---->\n                    <h2 class=\"\">Oxygen Forensic\u00ae Detective<\/h2>\n                  <\/div>\n                <\/div>\n                <div data-colibri-id=\"393-c12\" class=\"h-text h-text-component style-1734 style-local-393-c12 position-relative h-element\">\n                  <!---->\n                  <!---->\n                  <div class=\"\">\n                    <p>Extrae de m\u00faltiples dispositivos, permite etiquetas de evidencia clave, recopila datos para el an\u00e1lisis y compila f\u00e1cilmente informes. Con la capacidad de extraer de m\u00e1s de 30.000 dispositivos y m\u00e1s de 100 aplicaciones compatibles\n                      con la nube, puede simplificar su flujo de trabajo, cerrar los casos m\u00e1s r\u00e1pido y ayudar a hacer el mundo m\u00e1s seguro.<\/p>\n                    <p>Oxygen Forensic Detective viene con m\u00faltiples herramientas como el Extractor de la nube, el extractor de dispositivos, KeyScout, OxyAgent y m\u00e1s. Realiza b\u00fasquedas a trav\u00e9s de un solo dispositivo o m\u00faltiples dispositivos, un caso entero\n                      o m\u00faltiples extracciones en una sola interfaz.<\/p>\n                  <\/div>\n                <\/div>\n              <\/div>\n            <\/div>\n          <\/div>\n          <div class=\"h-column h-column-container d-flex h-col-lg-auto h-col-md-auto h-col-auto style-1737-outer style-local-393-c13-outer\">\n            <div data-colibri-id=\"393-c13\" class=\"d-flex h-flex-basis h-column__inner h-ui-empty-state-container h-px-lg-2 h-px-md-2 h-px-2 v-inner-lg-2 v-inner-md-2 v-inner-2 style-1737 style-local-393-c13 position-relative\">\n              <!---->\n              <!---->\n              <div class=\"w-100 h-y-container h-column__content h-column__v-align flex-basis-100\">\n                <!---->\n              <\/div>\n            <\/div>\n          <\/div>\n        <\/div>\n      <\/div>\n    <\/div>\n  <\/div>\n  <div data-colibri-component=\"section\" data-colibri-id=\"393-c15\" id=\"about-3\" class=\"h-section h-section-global-spacing d-flex align-items-lg-center align-items-md-center align-items-center style-1739 style-local-393-c15 position-relative\">\n    <!---->\n    <!---->\n    <div class=\"h-section-grid-container h-section-boxed-container\">\n      <!---->\n      <div data-colibri-id=\"393-c16\" class=\"h-row-container gutters-row-lg-2 gutters-row-md-2 gutters-row-2 gutters-row-v-lg-2 gutters-row-v-md-2 gutters-row-v-2 style-1740 style-local-393-c16 position-relative\">\n        <!---->\n        <div class=\"h-row justify-content-lg-center justify-content-md-center justify-content-center align-items-lg-stretch align-items-md-stretch align-items-stretch gutters-col-lg-2 gutters-col-md-2 gutters-col-2 gutters-col-v-lg-2 gutters-col-v-md-2 gutters-col-v-2\">\n          <!---->\n          <div class=\"h-column h-column-container d-flex h-col-lg-auto h-col-md-auto h-col-auto style-1741-outer style-local-393-c17-outer\">\n            <div data-colibri-id=\"393-c17\" class=\"d-flex h-flex-basis h-column__inner h-px-lg-2 h-px-md-2 h-px-2 v-inner-lg-2 v-inner-md-2 v-inner-2 style-1741 style-local-393-c17 position-relative\">\n              <!---->\n              <!---->\n              <div class=\"w-100 h-y-container h-column__content h-column__v-align flex-basis-100 align-self-lg-center align-self-md-center align-self-center\">\n                <!---->\n                <div data-colibri-id=\"393-c18\" class=\"h-global-transition-all h-heading style-1743 style-local-393-c18 position-relative h-element\">\n                  <!---->\n                  <div class=\"h-heading__outer style-1743 style-local-393-c18\">\n                    <!---->\n                    <!---->\n                    <h2 class=\"\">Oxygen Analytic Center<\/h2>\n                  <\/div>\n                <\/div>\n                <div data-colibri-id=\"393-c19\" class=\"h-text h-text-component style-1744 style-local-393-c19 position-relative h-element\">\n                  <!---->\n                  <!---->\n                  <div class=\"\">\n                    <p><span>Oxygen Analytic Center permite la revisi\u00f3n y el an\u00e1lisis colaborativo de datos en tiempo real basados en el navegador. En cualquier momento, en cualquier lugar &#8211; para que los investigadores y los profesionales de eDiscovery puedan resolver los casos m\u00e1s r\u00e1pido y eficientemente.<\/span><\/p>\n                    <p>Soluci\u00f3n basada en el navegador da a varios usuarios acceso simult\u00e1neo a sus conjuntos de datos asignados desde cualquier lugar, en cualquier momento, desde cualquier dispositivo, para que todos en el caso puedan maximizar su productividad.<\/p>\n                    <p>\n                      <br>\n                    <\/p>\n                  <\/div>\n                <\/div>\n              <\/div>\n            <\/div>\n          <\/div>\n          <div class=\"h-column h-column-container d-flex h-col-lg-auto h-col-md-auto h-col-auto style-1747-outer style-local-393-c20-outer\">\n            <div data-colibri-id=\"393-c20\" class=\"d-flex h-flex-basis h-column__inner h-ui-empty-state-container h-px-lg-2 h-px-md-2 h-px-2 v-inner-lg-2 v-inner-md-2 v-inner-2 style-1747 style-local-393-c20 position-relative\">\n              <!---->\n              <!---->\n              <div class=\"w-100 h-y-container h-column__content h-column__v-align flex-basis-100\">\n                <!---->\n              <\/div>\n            <\/div>\n          <\/div>\n        <\/div>\n      <\/div>\n    <\/div>\n  <\/div>\n  <div data-colibri-component=\"section\" data-colibri-id=\"393-c22\" id=\"about-4\" class=\"h-section h-section-global-spacing d-flex align-items-lg-center align-items-md-center align-items-center style-1749 style-local-393-c22 position-relative\">\n    <!---->\n    <!---->\n    <div class=\"h-section-grid-container h-section-boxed-container\">\n      <!---->\n      <div data-colibri-id=\"393-c23\" class=\"h-row-container gutters-row-lg-2 gutters-row-md-2 gutters-row-2 gutters-row-v-lg-2 gutters-row-v-md-2 gutters-row-v-2 style-1750 style-local-393-c23 position-relative\">\n        <!---->\n        <div class=\"h-row justify-content-lg-center justify-content-md-center justify-content-center align-items-lg-stretch align-items-md-stretch align-items-stretch gutters-col-lg-2 gutters-col-md-2 gutters-col-2 gutters-col-v-lg-2 gutters-col-v-md-2 gutters-col-v-2\">\n          <!---->\n          <div class=\"h-column h-column-container d-flex h-col-lg-auto h-col-md-auto h-col-auto style-1751-outer style-local-393-c24-outer\">\n            <div data-colibri-id=\"393-c24\" class=\"d-flex h-flex-basis h-column__inner h-px-lg-2 h-px-md-2 h-px-2 v-inner-lg-2 v-inner-md-2 v-inner-2 style-1751 style-local-393-c24 position-relative\">\n              <!---->\n              <!---->\n              <div class=\"w-100 h-y-container h-column__content h-column__v-align flex-basis-100 align-self-lg-center align-self-md-center align-self-center\">\n                <!---->\n                <div data-colibri-id=\"393-c25\" class=\"h-global-transition-all h-heading style-1753 style-local-393-c25 position-relative h-element\">\n                  <!---->\n                  <div class=\"h-heading__outer style-1753 style-local-393-c25\">\n                    <!---->\n                    <!---->\n                    <h2 class=\"\">Oxygen Corporate Explorer<\/h2>\n                  <\/div>\n                <\/div>\n                <div data-colibri-id=\"393-c26\" class=\"h-text h-text-component style-1754 style-local-393-c26 position-relative h-element\">\n                  <!---->\n                  <!---->\n                  <div class=\"\">\n                    <p>Oxygen Corporate Explorer ayuda a los usuarios a encontrar pruebas digitales cr\u00edticas de forma r\u00e1pida y completa, utilizando la recopilaci\u00f3n de datos dirigida, remota o en sitio, la programaci\u00f3n de tareas para la recogida autom\u00e1tica\n                      y las poderosas herramientas de b\u00fasqueda y anal\u00edtica.<\/p>\n                    <p>Oxygen Corporate Explorer, creado espec\u00edficamente para corporaciones y organizaciones privadas, permite a los usuarios encontrar evidencia cr\u00edtica r\u00e1pida y completamente usando la recopilaci\u00f3n de datos personalizables desde estaciones\n                      de trabajo remotas, servicios en la nube y dispositivos m\u00f3viles e IoT. Esta innovadora soluci\u00f3n forense digital facilita la programaci\u00f3n de tareas para la recolecci\u00f3n autom\u00e1tica, el an\u00e1lisis profundo y la informaci\u00f3n flexible para\n                      impulsar las investigaciones hacia adelante.<\/p>\n                  <\/div>\n                <\/div>\n              <\/div>\n            <\/div>\n          <\/div>\n          <div class=\"h-column h-column-container d-flex h-col-lg-auto h-col-md-auto h-col-auto style-1757-outer style-local-393-c27-outer\">\n            <div data-colibri-id=\"393-c27\" class=\"d-flex h-flex-basis h-column__inner h-ui-empty-state-container h-px-lg-2 h-px-md-2 h-px-2 v-inner-lg-2 v-inner-md-2 v-inner-2 style-1757 style-local-393-c27 position-relative\">\n              <!---->\n              <!---->\n              <div class=\"w-100 h-y-container h-column__content h-column__v-align flex-basis-100\">\n                <!---->\n              <\/div>\n            <\/div>\n          <\/div>\n        <\/div>\n      <\/div>\n    <\/div>\n  <\/div>\n  <div data-colibri-component=\"section\" data-colibri-id=\"393-c29\" id=\"about-5\" class=\"h-section h-section-global-spacing d-flex align-items-lg-center align-items-md-center align-items-center style-1759 style-local-393-c29 position-relative\">\n    <!---->\n    <!---->\n    <div class=\"h-section-grid-container h-section-boxed-container\">\n      <!---->\n      <div data-colibri-id=\"393-c30\" class=\"h-row-container gutters-row-lg-2 gutters-row-md-2 gutters-row-2 gutters-row-v-lg-2 gutters-row-v-md-2 gutters-row-v-2 style-1760 style-local-393-c30 position-relative\">\n        <!---->\n        <div class=\"h-row justify-content-lg-center justify-content-md-center justify-content-center align-items-lg-stretch align-items-md-stretch align-items-stretch gutters-col-lg-2 gutters-col-md-2 gutters-col-2 gutters-col-v-lg-2 gutters-col-v-md-2 gutters-col-v-2\">\n          <!---->\n          <div class=\"h-column h-column-container d-flex h-col-lg-auto h-col-md-auto h-col-auto style-1761-outer style-local-393-c31-outer\">\n            <div data-colibri-id=\"393-c31\" class=\"d-flex h-flex-basis h-column__inner h-px-lg-2 h-px-md-2 h-px-2 v-inner-lg-2 v-inner-md-2 v-inner-2 style-1761 style-local-393-c31 position-relative\">\n              <!---->\n              <!---->\n              <div class=\"w-100 h-y-container h-column__content h-column__v-align flex-basis-100 align-self-lg-center align-self-md-center align-self-center\">\n                <!---->\n                <div data-colibri-id=\"393-c32\" class=\"h-global-transition-all h-heading style-1763 style-local-393-c32 position-relative h-element\">\n                  <!---->\n                  <div class=\"h-heading__outer style-1763 style-local-393-c32\">\n                    <!---->\n                    <!---->\n                    <h2 class=\"\">Oxygen Forensic\u00ae Detective Network<\/h2>\n                  <\/div>\n                <\/div>\n                <div data-colibri-id=\"393-c33\" class=\"h-text h-text-component style-1764 style-local-393-c33 position-relative h-element\">\n                  <!---->\n                  <!---->\n                  <div class=\"\">\n                    <p>Oxygen Forensic Detective Network es una soluci\u00f3n rentable para organizaciones con m\u00faltiples usuarios y estaciones de trabajo remotas. Un dongle USB gestiona todas las conexiones.<\/p>\n                    <p>La licencia de la Red tiene todas las caracter\u00edsticas de Detective incluidas. Los dongles USB ya no son necesarios en cada computadora. Todas las estaciones de trabajo utilizan un solo dongle USB conectado al servidor de red, que puede\n                      ser cualquier PC de escritorio o port\u00e1til que ejecute Windows OS con un puerto USB gratuito.\n                      <br>\n                    <\/p>\n                    <p>\n                      <br>\n                    <\/p>\n                  <\/div>\n                <\/div>\n              <\/div>\n            <\/div>\n          <\/div>\n          <div class=\"h-column h-column-container d-flex h-col-lg-auto h-col-md-auto h-col-auto style-1767-outer style-local-393-c34-outer\">\n            <div data-colibri-id=\"393-c34\" class=\"d-flex h-flex-basis h-column__inner h-ui-empty-state-container h-px-lg-2 h-px-md-2 h-px-2 v-inner-lg-2 v-inner-md-2 v-inner-2 style-1767 style-local-393-c34 position-relative\">\n              <!---->\n              <!---->\n              <div class=\"w-100 h-y-container h-column__content h-column__v-align flex-basis-100\">\n                <!---->\n              <\/div>\n            <\/div>\n          <\/div>\n        <\/div>\n      <\/div>\n    <\/div>\n  <\/div>\n<\/div>","protected":false},"excerpt":{"rendered":"<p>Oxygen Forensics Oxygen&nbsp;Forensics es uno de los fabricantes lideres mundiales de las herramientas de exploraci\u00f3n avanzada de datos forenses para dispositivos m\u00f3viles. La compa\u00f1\u00eda se dedica a la entrega de la soluci\u00f3n forense de dispositivos m\u00f3viles que cubren la m\u00e1s amplia gama de dispositivos m\u00f3viles como Android, iOS, Blackberry, Windows Phone, Symbian y otros sistemas [&hellip;]<\/p>\n","protected":false},"author":1,"featured_media":0,"parent":0,"menu_order":0,"comment_status":"closed","ping_status":"closed","template":"page-templates\/full-width-page.php","meta":{"_joinchat":[],"footnotes":""},"class_list":["post-393","page","type-page","status-publish","hentry"],"_links":{"self":[{"href":"https:\/\/www.internet-solutions.com.co\/wp-json\/wp\/v2\/pages\/393","targetHints":{"allow":["GET"]}}],"collection":[{"href":"https:\/\/www.internet-solutions.com.co\/wp-json\/wp\/v2\/pages"}],"about":[{"href":"https:\/\/www.internet-solutions.com.co\/wp-json\/wp\/v2\/types\/page"}],"author":[{"embeddable":true,"href":"https:\/\/www.internet-solutions.com.co\/wp-json\/wp\/v2\/users\/1"}],"replies":[{"embeddable":true,"href":"https:\/\/www.internet-solutions.com.co\/wp-json\/wp\/v2\/comments?post=393"}],"version-history":[{"count":10,"href":"https:\/\/www.internet-solutions.com.co\/wp-json\/wp\/v2\/pages\/393\/revisions"}],"predecessor-version":[{"id":1834,"href":"https:\/\/www.internet-solutions.com.co\/wp-json\/wp\/v2\/pages\/393\/revisions\/1834"}],"wp:attachment":[{"href":"https:\/\/www.internet-solutions.com.co\/wp-json\/wp\/v2\/media?parent=393"}],"curies":[{"name":"wp","href":"https:\/\/api.w.org\/{rel}","templated":true}]}}