{"id":2476,"date":"2024-10-17T21:14:34","date_gmt":"2024-10-18T02:14:34","guid":{"rendered":"https:\/\/www.internet-solutions.com.co\/?page_id=2476"},"modified":"2025-05-02T16:24:24","modified_gmt":"2025-05-02T21:24:24","slug":"pdp","status":"publish","type":"page","link":"https:\/\/www.internet-solutions.com.co\/acerca-de\/pdp\/","title":{"rendered":"PDP"},"content":{"rendered":"<div data-colibri-id=\"2476-c1\" class=\"style-2291 style-local-2476-c1 position-relative\">\n  <!---->\n  <div data-colibri-component=\"section\" data-colibri-id=\"2476-c2\" id=\"custom\" class=\"h-section h-section-global-spacing d-flex align-items-lg-center align-items-md-center align-items-center style-2292 style-local-2476-c2 position-relative\">\n    <!---->\n    <!---->\n    <div class=\"h-section-grid-container h-section-boxed-container\">\n      <!---->\n      <div data-colibri-id=\"2476-c3\" class=\"h-row-container gutters-row-lg-2 gutters-row-md-2 gutters-row-0 gutters-row-v-lg-2 gutters-row-v-md-2 gutters-row-v-2 style-2296 style-local-2476-c3 position-relative\">\n        <!---->\n        <div class=\"h-row justify-content-lg-center justify-content-md-center justify-content-center align-items-lg-stretch align-items-md-stretch align-items-stretch gutters-col-lg-2 gutters-col-md-2 gutters-col-0 gutters-col-v-lg-2 gutters-col-v-md-2 gutters-col-v-2\">\n          <!---->\n          <div class=\"h-column h-column-container d-flex h-col-lg-auto h-col-md-auto h-col-auto style-2297-outer style-local-2476-c4-outer\">\n            <div data-colibri-id=\"2476-c4\" class=\"d-flex h-flex-basis h-column__inner h-px-lg-2 h-px-md-2 h-px-2 v-inner-lg-2 v-inner-md-2 v-inner-2 style-2297 style-local-2476-c4 position-relative\">\n              <!---->\n              <!---->\n              <div class=\"w-100 h-y-container h-column__content h-column__v-align flex-basis-100 align-self-lg-start align-self-md-start align-self-start\">\n                <!---->\n                <div data-colibri-id=\"2476-c5\" class=\"h-global-transition-all h-heading style-2298 style-local-2476-c5 position-relative h-element\">\n                  <!---->\n                  <div class=\"h-heading__outer style-2298 style-local-2476-c5\">\n                    <!---->\n                    <!---->\n                    <h4 class=\"\"><strong>POLITICA DE TRATAMIENTO Y PROTECCION DE DATOS PERSONALES (PDP)<\/strong><\/h4>\n                  <\/div>\n                <\/div>\n              <\/div>\n            <\/div>\n          <\/div>\n        <\/div>\n      <\/div>\n      <div data-colibri-id=\"2476-c6\" class=\"h-row-container gutters-row-lg-2 gutters-row-md-2 gutters-row-0 gutters-row-v-lg-2 gutters-row-v-md-2 gutters-row-v-2 style-2293 style-local-2476-c6 position-relative\">\n        <!---->\n        <div class=\"h-row justify-content-lg-center justify-content-md-center justify-content-center align-items-lg-stretch align-items-md-stretch align-items-stretch gutters-col-lg-2 gutters-col-md-2 gutters-col-0 gutters-col-v-lg-2 gutters-col-v-md-2 gutters-col-v-2\">\n          <!---->\n          <div class=\"h-column h-column-container d-flex h-col-lg-auto h-col-md-auto h-col-auto style-2294-outer style-local-2476-c7-outer\">\n            <div data-colibri-id=\"2476-c7\" class=\"d-flex h-flex-basis h-column__inner h-px-lg-2 h-px-md-2 h-px-2 v-inner-lg-2 v-inner-md-2 v-inner-2 style-2294 style-local-2476-c7 position-relative\">\n              <!---->\n              <!---->\n              <div class=\"w-100 h-y-container h-column__content h-column__v-align flex-basis-100 align-self-lg-center align-self-md-center align-self-center\">\n                <!---->\n                <div data-colibri-id=\"2476-c8\" class=\"h-global-transition-all h-heading style-2299 style-local-2476-c8 position-relative h-element\">\n                  <!---->\n                  <div class=\"h-heading__outer style-2299 style-local-2476-c8\">\n                    <!---->\n                    <!---->\n                    <h3 class=\"\"><strong>Internet Solutions S.A.S<\/strong><\/h3>\n                  <\/div>\n                <\/div>\n                <div data-colibri-id=\"2476-c9\" class=\"h-text h-text-component style-2300 style-local-2476-c9 position-relative h-element\">\n                  <!---->\n                  <!---->\n                  <div class=\"\">\n                    <p>La <strong>Pol\u00edtica de Tratamiento y Protecci\u00f3n de Datos Personales<\/strong>&nbsp;de <strong>Internet Solutions S.A.S.<\/strong> es un documento que establece las directrices y <span style=\"color: rgb(17, 18, 18);\">medidas que nuestra empresa implementa para garantizar la adecuada recolecci\u00f3n, almacenamiento, uso, tratamiento y protecci\u00f3n de los datos personales de individuos, cumpliendo con las normativas legales correspondientes, como la Ley de Protecci\u00f3n de Datos Personales.<\/span><\/p>\n                    <p><span style=\"font-size: 101%; font-family: &quot;Open Sans&quot;; color: rgb(17, 18, 18); font-weight: 400;\">Para notificar reportes y denuncias sobre la&nbsp;Protecci\u00f3n de datos personales escribir a:&nbsp;<\/span><\/p>\n                    <p>\n                      <a href=\"mailto:datos.personales@internet-solutions.com.co\" target=\"_blank\" style=\"font-size: 131%; font-family: &quot;Open Sans&quot;; color: rgb(17, 85, 204); font-weight: 400;\">datos.personales@internet-solutions.com.co<\/a>\n                    <\/p>\n                  <\/div>\n                <\/div>\n              <\/div>\n            <\/div>\n          <\/div>\n          <div class=\"h-column h-column-container d-flex h-col-lg-auto h-col-md-auto h-col-auto style-2295-outer style-local-2476-c10-outer\">\n            <div data-colibri-id=\"2476-c10\" class=\"d-flex h-flex-basis h-column__inner h-px-lg-2 h-px-md-2 h-px-2 v-inner-lg-2 v-inner-md-2 v-inner-2 style-2295 style-local-2476-c10 position-relative\">\n              <!---->\n              <!---->\n              <div class=\"w-100 h-y-container h-column__content h-column__v-align flex-basis-100 align-self-lg-center align-self-md-center align-self-center\">\n                <!---->\n                <div data-colibri-id=\"2476-c11\" class=\"d-block style-2301 style-local-2476-c11 position-relative h-element\">\n                  <!---->\n                  <div class=\"h-image__frame-container-outer\">\n                    <a href=\"https:\/\/www.internet-solutions.com.co\/wp-content\/uploads\/2025\/03\/INTERNET-SOLUTIONS-SAS_POLITICA-DE-TRATAMIENTO-Y-PROTECCION-DE-DATOS-PERSONALES2.pdf\" target=\"_blank\" h-use-smooth-scroll=\"true\" class=\"image-link\">\n                      <div class=\"h-image__frame-container\">\n                        <!---->\n                        <!---->\n                        <img fetchpriority=\"high\" decoding=\"async\" width=\"1275\" height=\"1650\" src=\"https:\/\/www.internet-solutions.com.co\/wp-content\/uploads\/2024\/10\/INTERNET-SOLUTIONS-SAS_POLITICA-DE-TRATAMIENTO-Y-PROTECCION-DE-DATOS-PERSONALES_page-0001.jpg\" class=\"wp-image-2488 style-2301-image style-local-2476-c11-image\" alt=\"\" \/>\n                        <div class=\"h-image__frame h-hide-lg h-hide-md h-hide-sm style-2301-frameImage style-local-2476-c11-frameImage\"><\/div>\n                      <\/div>\n                    <\/a>\n                  <\/div>\n                <\/div>\n              <\/div>\n            <\/div>\n          <\/div>\n        <\/div>\n      <\/div>\n    <\/div>\n  <\/div>\n<\/div>","protected":false},"excerpt":{"rendered":"<p>POLITICA DE TRATAMIENTO Y PROTECCION DE DATOS PERSONALES (PDP) Internet Solutions S.A.S La Pol\u00edtica de Tratamiento y Protecci\u00f3n de Datos Personales&nbsp;de Internet Solutions S.A.S. es un documento que establece las directrices y medidas que nuestra empresa implementa para garantizar la adecuada recolecci\u00f3n, almacenamiento, uso, tratamiento y protecci\u00f3n de los datos personales de individuos, cumpliendo con [&hellip;]<\/p>\n","protected":false},"author":1,"featured_media":0,"parent":1250,"menu_order":0,"comment_status":"closed","ping_status":"closed","template":"page-templates\/full-width-page.php","meta":{"_joinchat":[],"footnotes":""},"class_list":["post-2476","page","type-page","status-publish","hentry"],"_links":{"self":[{"href":"https:\/\/www.internet-solutions.com.co\/wp-json\/wp\/v2\/pages\/2476","targetHints":{"allow":["GET"]}}],"collection":[{"href":"https:\/\/www.internet-solutions.com.co\/wp-json\/wp\/v2\/pages"}],"about":[{"href":"https:\/\/www.internet-solutions.com.co\/wp-json\/wp\/v2\/types\/page"}],"author":[{"embeddable":true,"href":"https:\/\/www.internet-solutions.com.co\/wp-json\/wp\/v2\/users\/1"}],"replies":[{"embeddable":true,"href":"https:\/\/www.internet-solutions.com.co\/wp-json\/wp\/v2\/comments?post=2476"}],"version-history":[{"count":6,"href":"https:\/\/www.internet-solutions.com.co\/wp-json\/wp\/v2\/pages\/2476\/revisions"}],"predecessor-version":[{"id":2662,"href":"https:\/\/www.internet-solutions.com.co\/wp-json\/wp\/v2\/pages\/2476\/revisions\/2662"}],"up":[{"embeddable":true,"href":"https:\/\/www.internet-solutions.com.co\/wp-json\/wp\/v2\/pages\/1250"}],"wp:attachment":[{"href":"https:\/\/www.internet-solutions.com.co\/wp-json\/wp\/v2\/media?parent=2476"}],"curies":[{"name":"wp","href":"https:\/\/api.w.org\/{rel}","templated":true}]}}