{"id":2410,"date":"2024-08-21T21:15:31","date_gmt":"2024-08-22T02:15:31","guid":{"rendered":"https:\/\/www.internet-solutions.com.co\/?page_id=2410"},"modified":"2024-08-21T21:19:47","modified_gmt":"2024-08-22T02:19:47","slug":"apricorn","status":"publish","type":"page","link":"https:\/\/www.internet-solutions.com.co\/apricorn\/","title":{"rendered":"Apricorn"},"content":{"rendered":"<div data-colibri-id=\"2410-c1\" class=\"style-2278 style-local-2410-c1 position-relative\">\n  <!---->\n  <div data-colibri-component=\"section\" data-colibri-id=\"2410-c2\" id=\"custom\" class=\"h-section h-section-global-spacing d-flex align-items-lg-center align-items-md-center align-items-center style-2279 style-local-2410-c2 position-relative\">\n    <!---->\n    <!---->\n    <div class=\"h-section-grid-container h-section-boxed-container\">\n      <!---->\n      <div data-colibri-id=\"2410-c3\" class=\"h-row-container gutters-row-lg-2 gutters-row-md-2 gutters-row-0 gutters-row-v-lg-2 gutters-row-v-md-2 gutters-row-v-2 style-2280 style-local-2410-c3 position-relative\">\n        <!---->\n        <div class=\"h-row justify-content-lg-center justify-content-md-center justify-content-center align-items-lg-stretch align-items-md-stretch align-items-stretch gutters-col-lg-2 gutters-col-md-2 gutters-col-0 gutters-col-v-lg-2 gutters-col-v-md-2 gutters-col-v-2\">\n          <!---->\n          <div class=\"h-column h-column-container d-flex h-col-lg-auto h-col-md-auto h-col-auto style-2281-outer style-local-2410-c4-outer\">\n            <div data-colibri-id=\"2410-c4\" class=\"d-flex h-flex-basis h-column__inner h-px-lg-2 h-px-md-2 h-px-2 v-inner-lg-2 v-inner-md-2 v-inner-2 style-2281 style-local-2410-c4 position-relative\">\n              <!---->\n              <!---->\n              <div class=\"w-100 h-y-container h-column__content h-column__v-align flex-basis-100 align-self-lg-center align-self-md-center align-self-center\">\n                <!---->\n                <div data-colibri-id=\"2410-c6\" class=\"h-global-transition-all h-heading style-2283 style-local-2410-c6 position-relative h-element\">\n                  <!---->\n                  <div class=\"h-heading__outer style-2283 style-local-2410-c6\">\n                    <!---->\n                    <!---->\n                    <h1 class=\"\"><strong>APRICORN<\/strong><\/h1>\n                  <\/div>\n                <\/div>\n                <div data-colibri-id=\"2410-c7\" class=\"h-text h-text-component style-2284 style-local-2410-c7 position-relative h-element\">\n                  <!---->\n                  <!---->\n                  <div class=\"\">\n                    <p>APRICORN ofrece productos de almacenamiento externo cifrados con AES de 256 bits, basados \u200b\u200ben hardware y validados por FIPS a empresas y organizaciones que requieren protecci\u00f3n de alto nivel para sus datos archivados. El enfoque \u00fanico\n                      de Apricorn de emplear cifrado interno y port\u00e1til de 256 bits es particularmente valioso para procesos cuyas pr\u00e1cticas de seguridad de datos est\u00e1n reguladas y para los gobiernos federales, estatales y locales, las unidades y dispositivos\n                      USB cifrados de Apricorn establecen el est\u00e1ndar de seguridad de datos tanto para Am\u00e9rica del Norte como para el resto del mundo.<\/p>\n                  <\/div>\n                <\/div>\n              <\/div>\n            <\/div>\n          <\/div>\n          <div class=\"h-column h-column-container d-flex h-col-lg-auto h-col-md-auto h-col-auto style-2282-outer style-local-2410-c5-outer\">\n            <div data-colibri-id=\"2410-c5\" class=\"d-flex h-flex-basis h-column__inner h-px-lg-2 h-px-md-2 h-px-2 v-inner-lg-2 v-inner-md-2 v-inner-2 style-2282 style-local-2410-c5 position-relative\">\n              <!---->\n              <!---->\n              <div class=\"w-100 h-y-container h-column__content h-column__v-align flex-basis-100 align-self-lg-center align-self-md-center align-self-center\">\n                <!---->\n                <div data-colibri-id=\"2410-c11\" class=\"d-block style-2285 style-local-2410-c11 position-relative h-element\">\n                  <!---->\n                  <div class=\"h-image__frame-container-outer\">\n                    <div class=\"h-image__frame-container\">\n                      <!---->\n                      <!---->\n                      <img fetchpriority=\"high\" decoding=\"async\" width=\"1200\" height=\"1200\" src=\"https:\/\/www.internet-solutions.com.co\/wp-content\/uploads\/2024\/08\/Apricorn-logo-blue.png\" class=\"wp-image-2415 style-2285-image style-local-2410-c11-image\" alt=\"\" \/>\n                      <div class=\"h-image__frame h-hide-lg h-hide-md h-hide-sm style-2285-frameImage style-local-2410-c11-frameImage\"><\/div>\n                    <\/div>\n                  <\/div>\n                <\/div>\n              <\/div>\n            <\/div>\n          <\/div>\n        <\/div>\n      <\/div>\n    <\/div>\n  <\/div>\n<\/div>","protected":false},"excerpt":{"rendered":"<p>APRICORN APRICORN ofrece productos de almacenamiento externo cifrados con AES de 256 bits, basados \u200b\u200ben hardware y validados por FIPS a empresas y organizaciones que requieren protecci\u00f3n de alto nivel para sus datos archivados. El enfoque \u00fanico de Apricorn de emplear cifrado interno y port\u00e1til de 256 bits es particularmente valioso para procesos cuyas pr\u00e1cticas [&hellip;]<\/p>\n","protected":false},"author":1,"featured_media":0,"parent":0,"menu_order":0,"comment_status":"closed","ping_status":"closed","template":"page-templates\/full-width-page.php","meta":{"_joinchat":[],"footnotes":""},"class_list":["post-2410","page","type-page","status-publish","hentry"],"_links":{"self":[{"href":"https:\/\/www.internet-solutions.com.co\/wp-json\/wp\/v2\/pages\/2410","targetHints":{"allow":["GET"]}}],"collection":[{"href":"https:\/\/www.internet-solutions.com.co\/wp-json\/wp\/v2\/pages"}],"about":[{"href":"https:\/\/www.internet-solutions.com.co\/wp-json\/wp\/v2\/types\/page"}],"author":[{"embeddable":true,"href":"https:\/\/www.internet-solutions.com.co\/wp-json\/wp\/v2\/users\/1"}],"replies":[{"embeddable":true,"href":"https:\/\/www.internet-solutions.com.co\/wp-json\/wp\/v2\/comments?post=2410"}],"version-history":[{"count":2,"href":"https:\/\/www.internet-solutions.com.co\/wp-json\/wp\/v2\/pages\/2410\/revisions"}],"predecessor-version":[{"id":2417,"href":"https:\/\/www.internet-solutions.com.co\/wp-json\/wp\/v2\/pages\/2410\/revisions\/2417"}],"wp:attachment":[{"href":"https:\/\/www.internet-solutions.com.co\/wp-json\/wp\/v2\/media?parent=2410"}],"curies":[{"name":"wp","href":"https:\/\/api.w.org\/{rel}","templated":true}]}}