{"id":225,"date":"2023-10-15T12:13:34","date_gmt":"2023-10-15T17:13:34","guid":{"rendered":"https:\/\/186.154.142.124\/?page_id=225"},"modified":"2025-06-18T19:04:18","modified_gmt":"2025-06-19T00:04:18","slug":"empresa","status":"publish","type":"page","link":"https:\/\/www.internet-solutions.com.co\/empresa\/","title":{"rendered":"Empresa"},"content":{"rendered":"<div data-colibri-id=\"225-c1\" class=\"style-1316 style-local-225-c1 position-relative\">\n  <!---->\n  <div data-colibri-component=\"section\" data-colibri-id=\"225-c8\" id=\"features\" class=\"h-section h-section-global-spacing d-flex align-items-lg-center align-items-md-center align-items-center style-2743 style-local-225-c8 position-relative\">\n    <div class=\"background-wrapper\">\n      <div class=\"background-layer background-layer-media-container-lg\">\n        <!---->\n        <div class=\"overlay-layer\">\n          <div class=\"overlay-image-layer\" style=\"background-color: rgb(255, 255, 255); opacity: 0.85;\"><\/div>\n        <\/div>\n      <\/div>\n      <div class=\"background-layer background-layer-media-container-md\">\n        <!---->\n        <div class=\"overlay-layer\">\n          <div class=\"overlay-image-layer\" style=\"background-color: rgb(255, 255, 255); opacity: 0.85;\"><\/div>\n        <\/div>\n      <\/div>\n      <div class=\"background-layer background-layer-media-container\">\n        <!---->\n        <div class=\"overlay-layer\">\n          <div class=\"overlay-image-layer\" style=\"background-color: rgb(255, 255, 255); opacity: 0.85;\"><\/div>\n        <\/div>\n      <\/div>\n    <\/div>\n    <!---->\n    <div class=\"h-section-grid-container h-section-boxed-container\">\n      <!---->\n      <div data-colibri-id=\"225-c9\" class=\"h-row-container gutters-row-lg-0 gutters-row-md-2 gutters-row-2 gutters-row-v-lg-0 gutters-row-v-md-2 gutters-row-v-2 style-2744 style-local-225-c9 position-relative\">\n        <!---->\n        <div class=\"h-row justify-content-lg-center justify-content-md-center justify-content-center align-items-lg-stretch align-items-md-stretch align-items-stretch gutters-col-lg-0 gutters-col-md-2 gutters-col-2 gutters-col-v-lg-0 gutters-col-v-md-2 gutters-col-v-2\">\n          <!---->\n          <div class=\"h-column h-column-container d-flex h-col-lg-auto h-col-md-auto h-col-auto style-2745-outer style-local-225-c10-outer\">\n            <div data-colibri-id=\"225-c10\" class=\"d-flex h-flex-basis h-column__inner h-px-lg-3 h-px-md-2 h-px-2 v-inner-lg-0 v-inner-md-2 v-inner-2 style-2745 style-local-225-c10 position-relative\">\n              <!---->\n              <!---->\n              <div class=\"w-100 h-y-container h-column__content h-column__v-align flex-basis-100 align-self-lg-center align-self-md-center align-self-center\">\n                <!---->\n                <div data-colibri-id=\"225-c11\" class=\"h-row-container gutters-row-lg-1 gutters-row-md-1 gutters-row-1 gutters-row-v-lg-1 gutters-row-v-md-1 gutters-row-v-1 style-2746 style-local-225-c11 position-relative\">\n                  <!---->\n                  <div class=\"h-row justify-content-lg-center justify-content-md-center justify-content-center align-items-lg-stretch align-items-md-stretch align-items-stretch gutters-col-lg-1 gutters-col-md-1 gutters-col-1 gutters-col-v-lg-1 gutters-col-v-md-1 gutters-col-v-1\">\n                    <!---->\n                    <div class=\"h-column h-column-container d-flex h-col-lg h-col-md h-col-auto style-2749-outer style-local-225-c14-outer\">\n                      <div data-colibri-id=\"225-c14\" class=\"d-flex h-flex-basis h-column__inner h-px-lg-1 h-px-md-1 h-px-1 v-inner-lg-1 v-inner-md-1 v-inner-1 style-2749 style-local-225-c14 position-relative\">\n                        <!---->\n                        <!---->\n                        <div class=\"w-100 h-y-container h-column__content h-column__v-align flex-basis-100 align-self-lg-start align-self-md-start align-self-start\">\n                          <!---->\n                          <div data-colibri-id=\"225-c31\" class=\"h-global-transition-all h-heading style-1907 style-local-225-c31 position-relative h-element\">\n                            <!---->\n                            <div class=\"h-heading__outer style-1907 style-local-225-c31\">\n                              <!---->\n                              <!---->\n                              <h2 class=\"\">Internet Solutions S.A.S.<\/h2>\n                            <\/div>\n                          <\/div>\n                          <div data-colibri-id=\"225-c6\" class=\"h-text h-text-component style-1908 style-local-225-c6 position-relative h-element\">\n                            <!---->\n                            <!---->\n                            <div class=\"\">\n                              <p>Internet Solutions S.A.S. fundada desde el 2002 es reconocida nacional e internacionalmente como una empresa pionera en inform\u00e1tica forense y l\u00edder en el suministro de servicios en an\u00e1lisis digital forense, cibern\u00e9tico y\n                                de seguridad.<\/p>\n                              <p>Contamos con un laboratorio forense capaz de procesar grandes cantidades de informaci\u00f3n, y la posibilidad de conectar a m\u00faltiples revisores con diversos roles a trav\u00e9s de una interfaz sencilla y amigable de manera inmediata\n                                haciendo de este uno de los laboratorios m\u00e1s poderosos en Latinoam\u00e9rica<\/p>\n                              <p>Ofrecemos servicios especializados de inform\u00e1tica forense con una amplia experiencia en empresas p\u00fablicas y privadas, somos responsables por el entrenamiento de la mayor\u00eda de los peritos forenses en el pa\u00eds y hemos acompa\u00f1ado\n                                a diferentes entidades como Procuradur\u00eda General de la Naci\u00f3n, Fiscal\u00eda General de Naci\u00f3n, Polic\u00eda Nacional de Colombia, Direcci\u00f3n de Impuestos y Aduanas Nacionales (DIAN), Superintendencia de Industria y Comercio (SIC),\n                                Contralor\u00eda General de la Rep\u00fablica, entre otras, en la implementaci\u00f3n de sus laboratorios forenses dado que somos los mayores proveedores de los principales software, hardware y capacitaci\u00f3n forense en el pa\u00eds.<\/p>\n                              <p>\n                                <br>\n                              <\/p>\n                            <\/div>\n                          <\/div>\n                        <\/div>\n                      <\/div>\n                    <\/div>\n                  <\/div>\n                <\/div>\n              <\/div>\n            <\/div>\n          <\/div>\n          <div class=\"h-column h-column-container d-flex h-col-lg-auto h-col-md-auto h-col-auto style-2760-outer style-local-225-c29-outer\">\n            <div data-colibri-id=\"225-c29\" class=\"d-flex h-flex-basis h-column__inner h-px-lg-3 h-px-md-2 h-px-2 v-inner-lg-0 v-inner-md-2 v-inner-2 style-2760 style-local-225-c29 position-relative\">\n              <!---->\n              <!---->\n              <div class=\"w-100 h-y-container h-column__content h-column__v-align flex-basis-100 align-self-lg-center align-self-md-center align-self-center\">\n                <!---->\n                <div data-colibri-id=\"225-c30\" class=\"d-block style-2761 style-local-225-c30 position-relative h-element\">\n                  <!---->\n                  <div class=\"h-image__frame-container-outer\">\n                    <div class=\"h-image__frame-container\">\n                      <!---->\n                      <!---->\n                      <img fetchpriority=\"high\" decoding=\"async\" width=\"357\" height=\"426\" src=\"https:\/\/www.internet-solutions.com.co\/wp-content\/uploads\/2024\/02\/ISOLE.png\" class=\"wp-image-1765 style-2761-image style-local-225-c30-image\" alt=\"\" \/>\n                      <div class=\"h-image__frame h-hide-lg h-hide-md h-hide-sm style-2761-frameImage style-local-225-c30-frameImage\"><\/div>\n                    <\/div>\n                  <\/div>\n                <\/div>\n              <\/div>\n            <\/div>\n          <\/div>\n        <\/div>\n      <\/div>\n    <\/div>\n  <\/div>\n<\/div>","protected":false},"excerpt":{"rendered":"<p>Internet Solutions S.A.S. Internet Solutions S.A.S. fundada desde el 2002 es reconocida nacional e internacionalmente como una empresa pionera en inform\u00e1tica forense y l\u00edder en el suministro de servicios en an\u00e1lisis digital forense, cibern\u00e9tico y de seguridad. Contamos con un laboratorio forense capaz de procesar grandes cantidades de informaci\u00f3n, y la posibilidad de conectar a [&hellip;]<\/p>\n","protected":false},"author":1,"featured_media":0,"parent":0,"menu_order":0,"comment_status":"closed","ping_status":"closed","template":"page-templates\/full-width-page.php","meta":{"_joinchat":[],"footnotes":""},"class_list":["post-225","page","type-page","status-publish","hentry"],"_links":{"self":[{"href":"https:\/\/www.internet-solutions.com.co\/wp-json\/wp\/v2\/pages\/225","targetHints":{"allow":["GET"]}}],"collection":[{"href":"https:\/\/www.internet-solutions.com.co\/wp-json\/wp\/v2\/pages"}],"about":[{"href":"https:\/\/www.internet-solutions.com.co\/wp-json\/wp\/v2\/types\/page"}],"author":[{"embeddable":true,"href":"https:\/\/www.internet-solutions.com.co\/wp-json\/wp\/v2\/users\/1"}],"replies":[{"embeddable":true,"href":"https:\/\/www.internet-solutions.com.co\/wp-json\/wp\/v2\/comments?post=225"}],"version-history":[{"count":13,"href":"https:\/\/www.internet-solutions.com.co\/wp-json\/wp\/v2\/pages\/225\/revisions"}],"predecessor-version":[{"id":3043,"href":"https:\/\/www.internet-solutions.com.co\/wp-json\/wp\/v2\/pages\/225\/revisions\/3043"}],"wp:attachment":[{"href":"https:\/\/www.internet-solutions.com.co\/wp-json\/wp\/v2\/media?parent=225"}],"curies":[{"name":"wp","href":"https:\/\/api.w.org\/{rel}","templated":true}]}}