{"id":1072,"date":"2023-10-22T13:39:15","date_gmt":"2023-10-22T18:39:15","guid":{"rendered":"https:\/\/186.154.142.124\/?page_id=1072"},"modified":"2025-06-11T23:32:13","modified_gmt":"2025-06-12T04:32:13","slug":"computo-forense","status":"publish","type":"page","link":"https:\/\/www.internet-solutions.com.co\/computo-forense\/","title":{"rendered":"Computo Forense"},"content":{"rendered":"<div data-colibri-id=\"1072-c1\" class=\"style-1300 style-local-1072-c1 position-relative\">\n  <!---->\n  <div data-colibri-component=\"section\" data-colibri-id=\"1072-c2\" id=\"about\" class=\"h-section h-section-global-spacing d-flex align-items-lg-center align-items-md-center align-items-center style-1301 style-local-1072-c2 position-relative\">\n    <!---->\n    <!---->\n    <div class=\"h-section-grid-container h-section-boxed-container\">\n      <!---->\n      <div data-colibri-id=\"1072-c3\" class=\"h-row-container gutters-row-lg-0 gutters-row-md-0 gutters-row-0 gutters-row-v-lg-0 gutters-row-v-md-0 gutters-row-v-0 style-1302 style-local-1072-c3 position-relative\">\n        <!---->\n        <div class=\"h-row justify-content-lg-center justify-content-md-center justify-content-center align-items-lg-stretch align-items-md-stretch align-items-stretch gutters-col-lg-0 gutters-col-md-0 gutters-col-0 gutters-col-v-lg-0 gutters-col-v-md-0 gutters-col-v-0\">\n          <!---->\n          <div class=\"h-column h-column-container d-flex h-col-lg-auto h-col-md-auto h-col-auto style-1303-outer style-local-1072-c4-outer\">\n            <div data-colibri-id=\"1072-c4\" class=\"d-flex h-flex-basis h-column__inner h-px-lg-0 h-px-md-0 h-px-0 v-inner-lg-0 v-inner-md-0 v-inner-0 style-1303 style-local-1072-c4 position-relative\">\n              <!---->\n              <!---->\n              <div class=\"w-100 h-y-container h-column__content h-column__v-align flex-basis-100 align-self-lg-start align-self-md-start align-self-start\">\n                <!---->\n                <div data-colibri-id=\"1072-c5\" class=\"h-global-transition-all h-heading style-1305 style-local-1072-c5 position-relative h-element\">\n                  <!---->\n                  <div class=\"h-heading__outer style-1305 style-local-1072-c5\">\n                    <!---->\n                    <!---->\n                    <h3 class=\"\"><strong style=\"color: rgb(70, 112, 127);\">Laboratorio Forense<\/strong><\/h3>\n                  <\/div>\n                <\/div>\n                <div data-colibri-id=\"1072-c6\" class=\"h-text h-text-component style-1306 style-local-1072-c6 position-relative h-element\">\n                  <!---->\n                  <!---->\n                  <div class=\"\">\n                    <p><strong>TECNOLOG\u00cdA&nbsp;AVANZADA PARA AN\u00c1LISIS DE EVIDENCIA DIGITAL<\/strong><\/p>\n                    <p>Contamos con uno de los laboratorios forenses m\u00e1s potentes de Latinoam\u00e9rica, dise\u00f1ado para procesar grandes vol\u00famenes de informaci\u00f3n de forma r\u00e1pida, segura y colaborativa. Nuestra infraestructura permite la conexi\u00f3n de m\u00faltiples revisores\n                      con diferentes niveles de acceso a trav\u00e9s de una interfaz web sencilla, intuitiva y segura, optimizando la eficiencia del an\u00e1lisis forense desde cualquier lugar.<\/p>\n                  <\/div>\n                <\/div>\n              <\/div>\n            <\/div>\n          <\/div>\n          <div class=\"h-column h-column-container d-flex h-col-lg-auto h-col-md-auto h-col-auto style-1307-outer style-local-1072-c7-outer\">\n            <div data-colibri-id=\"1072-c7\" class=\"d-flex h-flex-basis h-column__inner h-ui-empty-state-container h-px-lg-2 h-px-md-2 h-px-2 v-inner-lg-2 v-inner-md-2 v-inner-2 style-1307 style-local-1072-c7 position-relative\">\n              <!---->\n              <!---->\n              <div class=\"w-100 h-y-container h-column__content h-column__v-align flex-basis-100\">\n                <!---->\n              <\/div>\n            <\/div>\n          <\/div>\n        <\/div>\n      <\/div>\n    <\/div>\n  <\/div>\n  <div data-colibri-component=\"section\" data-colibri-id=\"1072-c8\" id=\"about-2\" class=\"h-section h-section-global-spacing d-flex align-items-lg-center align-items-md-center align-items-center style-2608 style-local-1072-c8 position-relative\">\n    <!---->\n    <!---->\n    <div class=\"h-section-grid-container h-section-boxed-container\">\n      <!---->\n      <div data-colibri-id=\"1072-c9\" class=\"h-row-container gutters-row-lg-0 gutters-row-md-0 gutters-row-0 gutters-row-v-lg-0 gutters-row-v-md-0 gutters-row-v-0 style-2609 style-local-1072-c9 position-relative\">\n        <!---->\n        <div class=\"h-row justify-content-lg-center justify-content-md-center justify-content-center align-items-lg-stretch align-items-md-stretch align-items-stretch gutters-col-lg-0 gutters-col-md-0 gutters-col-0 gutters-col-v-lg-0 gutters-col-v-md-0 gutters-col-v-0\">\n          <!---->\n          <div class=\"h-column h-column-container d-flex h-col-lg-auto h-col-md-auto h-col-auto style-2610-outer style-local-1072-c10-outer\">\n            <div data-colibri-id=\"1072-c10\" class=\"d-flex h-flex-basis h-column__inner h-px-lg-0 h-px-md-0 h-px-0 v-inner-lg-0 v-inner-md-0 v-inner-0 style-2610 style-local-1072-c10 position-relative\">\n              <!---->\n              <!---->\n              <div class=\"w-100 h-y-container h-column__content h-column__v-align flex-basis-100 align-self-lg-start align-self-md-start align-self-start\">\n                <!---->\n                <div data-colibri-id=\"1072-c11\" class=\"h-text h-text-component style-2613 style-local-1072-c11 position-relative h-element\">\n                  <!---->\n                  <!---->\n                  <div class=\"\">\n                    <h4><strong style=\"color: rgb(70, 112, 127);\">SERVICIOS DE COMPUTO FORENSE&nbsp;<\/strong><\/h4>\n                    <h4><span style=\"color: rgb(70, 112, 127);\">Investigaci\u00f3n digital precisa, confiable y profesional.<br><br><\/span><span style=\"color: rgb(70, 112, 127); font-weight: 400; font-size: 16px; font-family: &quot;Open Sans&quot;;\">Ofrecemos servicios especializados en inform\u00e1tica forense para la identificaci\u00f3n, preservaci\u00f3n, an\u00e1lisis y presentaci\u00f3n de evidencia digital v\u00e1lida ante procedimientos internos, auditor\u00edas o procesos legales.<\/span>\n                      <span\n                        style=\"color: rgb(70, 112, 127);\">\n                        <br>\n                        <\/span>\n                    <\/h4>\n                    <h4><span style=\"color: rgb(70, 112, 127);\">Diagn\u00f3stico preliminar<\/span><\/h4>\n                    <p><span style=\"color: rgb(70, 112, 127);\">Evaluamos el estado de la evidencia digital para definir el mejor plan de an\u00e1lisis.<\/span><\/p>\n                    <h4><span style=\"color: rgb(70, 112, 127);\">Adquisici\u00f3n y an\u00e1lisis de im\u00e1genes forenses<\/span><\/h4>\n                    <p><span style=\"color: rgb(70, 112, 127);\">Capturamos y analizamos im\u00e1genes forenses para garantizar la integridad de la evidencia.<\/span><\/p>\n                    <h4><span style=\"color: rgb(70, 112, 127);\">Reconstrucci\u00f3n de l\u00edneas de tiempo<\/span><\/h4>\n                    <p><span style=\"color: rgb(70, 112, 127);\">Reconstruimos cronolog\u00edas detalladas de eventos para comprender c\u00f3mo ocurrieron los incidentes o ataques.<\/span><\/p>\n                    <h4><span style=\"color: rgb(70, 112, 127);\">Recuperaci\u00f3n de datos<\/span><\/h4>\n                    <p><span style=\"color: rgb(70, 112, 127);\">Recuperamos informaci\u00f3n cr\u00edtica en discos duros u otros medios de almacenamiento.<\/span><\/p>\n                    <h4><span style=\"font-weight: 600; color: rgb(70, 112, 127);\">Informe T\u00e9cnico y ejecutivo<\/span><\/h4>\n                    <p><span style=\"color: rgb(70, 112, 127);\">Presentaci\u00f3n de informe de los hallazgos encontrados en la potencial evidencia digital.<\/span><\/p>\n                    <p>\n                      <br>\n                    <\/p>\n                  <\/div>\n                <\/div>\n              <\/div>\n            <\/div>\n          <\/div>\n          <div class=\"h-column h-column-container d-flex h-col-lg-auto h-col-md-auto h-col-auto style-2614-outer style-local-1072-c12-outer\">\n            <div data-colibri-id=\"1072-c12\" class=\"d-flex h-flex-basis h-column__inner h-ui-empty-state-container h-px-lg-2 h-px-md-2 h-px-2 v-inner-lg-2 v-inner-md-2 v-inner-2 style-2614 style-local-1072-c12 position-relative\">\n              <!---->\n              <!---->\n              <div class=\"w-100 h-y-container h-column__content h-column__v-align flex-basis-100\">\n                <!---->\n              <\/div>\n            <\/div>\n          <\/div>\n        <\/div>\n      <\/div>\n    <\/div>\n  <\/div>\n  <div data-colibri-component=\"section\" data-colibri-id=\"1072-c13\" id=\"about-3\" class=\"h-section h-section-global-spacing d-flex align-items-lg-center align-items-md-center align-items-center style-2615 style-local-1072-c13 position-relative\">\n    <!---->\n    <!---->\n    <div class=\"h-section-grid-container h-section-boxed-container\">\n      <!---->\n      <div data-colibri-id=\"1072-c14\" class=\"h-row-container gutters-row-lg-0 gutters-row-md-0 gutters-row-0 gutters-row-v-lg-0 gutters-row-v-md-0 gutters-row-v-0 style-2616 style-local-1072-c14 position-relative\">\n        <!---->\n        <div class=\"h-row justify-content-lg-center justify-content-md-center justify-content-center align-items-lg-stretch align-items-md-stretch align-items-stretch gutters-col-lg-0 gutters-col-md-0 gutters-col-0 gutters-col-v-lg-0 gutters-col-v-md-0 gutters-col-v-0\">\n          <!---->\n          <div class=\"h-column h-column-container d-flex h-col-lg-auto h-col-md-auto h-col-auto style-2617-outer style-local-1072-c15-outer\">\n            <div data-colibri-id=\"1072-c15\" class=\"d-flex h-flex-basis h-column__inner h-px-lg-0 h-px-md-0 h-px-0 v-inner-lg-0 v-inner-md-0 v-inner-0 style-2617 style-local-1072-c15 position-relative\">\n              <!---->\n              <!---->\n              <div class=\"w-100 h-y-container h-column__content h-column__v-align flex-basis-100 align-self-lg-start align-self-md-start align-self-start\">\n                <!---->\n                <div data-colibri-id=\"1072-c16\" class=\"h-text h-text-component style-2620 style-local-1072-c16 position-relative h-element\">\n                  <!---->\n                  <!---->\n                  <div class=\"\">\n                    <h4><strong style=\"color: rgb(70, 112, 127);\">SERVICIO DE ALQUILER DE RECURSOS FORENSES&nbsp;<\/strong><\/h4>\n                    <p><span style=\"color: rgb(70, 112, 127);\">Disponemos de:<\/span><\/p>\n                    <ul>\n                      <li><span style=\"color: rgb(70, 112, 127);\">Equipos en la nube para an\u00e1lisis forense remoto<\/span><\/li>\n                      <li><span style=\"color: rgb(70, 112, 127);\">Hardware forense especializado para adquisici\u00f3n de evidencia digital<\/span><\/li>\n                      <li><span style=\"color: rgb(70, 112, 127);\">Software para adquisici\u00f3n y an\u00e1lisis forense tanto para dispositivos m\u00f3viles como para computadores, y unidades de almacenamiento.<\/span><\/li>\n                    <\/ul>\n                    <p>\n                      <br>\n                    <\/p>\n                  <\/div>\n                <\/div>\n              <\/div>\n            <\/div>\n          <\/div>\n          <div class=\"h-column h-column-container d-flex h-col-lg-auto h-col-md-auto h-col-auto style-2621-outer style-local-1072-c17-outer\">\n            <div data-colibri-id=\"1072-c17\" class=\"d-flex h-flex-basis h-column__inner h-ui-empty-state-container h-px-lg-2 h-px-md-2 h-px-2 v-inner-lg-2 v-inner-md-2 v-inner-2 style-2621 style-local-1072-c17 position-relative\">\n              <!---->\n              <!---->\n              <div class=\"w-100 h-y-container h-column__content h-column__v-align flex-basis-100\">\n                <!---->\n              <\/div>\n            <\/div>\n          <\/div>\n        <\/div>\n      <\/div>\n    <\/div>\n  <\/div>\n<\/div>","protected":false},"excerpt":{"rendered":"<p>Laboratorio Forense TECNOLOG\u00cdA&nbsp;AVANZADA PARA AN\u00c1LISIS DE EVIDENCIA DIGITAL Contamos con uno de los laboratorios forenses m\u00e1s potentes de Latinoam\u00e9rica, dise\u00f1ado para procesar grandes vol\u00famenes de informaci\u00f3n de forma r\u00e1pida, segura y colaborativa. Nuestra infraestructura permite la conexi\u00f3n de m\u00faltiples revisores con diferentes niveles de acceso a trav\u00e9s de una interfaz web sencilla, intuitiva y segura, [&hellip;]<\/p>\n","protected":false},"author":1,"featured_media":0,"parent":0,"menu_order":0,"comment_status":"closed","ping_status":"closed","template":"page-templates\/full-width-page.php","meta":{"_joinchat":[],"footnotes":""},"class_list":["post-1072","page","type-page","status-publish","hentry"],"_links":{"self":[{"href":"https:\/\/www.internet-solutions.com.co\/wp-json\/wp\/v2\/pages\/1072","targetHints":{"allow":["GET"]}}],"collection":[{"href":"https:\/\/www.internet-solutions.com.co\/wp-json\/wp\/v2\/pages"}],"about":[{"href":"https:\/\/www.internet-solutions.com.co\/wp-json\/wp\/v2\/types\/page"}],"author":[{"embeddable":true,"href":"https:\/\/www.internet-solutions.com.co\/wp-json\/wp\/v2\/users\/1"}],"replies":[{"embeddable":true,"href":"https:\/\/www.internet-solutions.com.co\/wp-json\/wp\/v2\/comments?post=1072"}],"version-history":[{"count":10,"href":"https:\/\/www.internet-solutions.com.co\/wp-json\/wp\/v2\/pages\/1072\/revisions"}],"predecessor-version":[{"id":2866,"href":"https:\/\/www.internet-solutions.com.co\/wp-json\/wp\/v2\/pages\/1072\/revisions\/2866"}],"wp:attachment":[{"href":"https:\/\/www.internet-solutions.com.co\/wp-json\/wp\/v2\/media?parent=1072"}],"curies":[{"name":"wp","href":"https:\/\/api.w.org\/{rel}","templated":true}]}}