{"id":1055,"date":"2023-10-22T13:22:06","date_gmt":"2023-10-22T18:22:06","guid":{"rendered":"https:\/\/186.154.142.124\/?page_id=1055"},"modified":"2023-10-22T13:45:11","modified_gmt":"2023-10-22T18:45:11","slug":"servicios","status":"publish","type":"page","link":"https:\/\/www.internet-solutions.com.co\/servicios\/","title":{"rendered":"Servicios"},"content":{"rendered":"<div data-colibri-id=\"1055-c1\" class=\"style-1264 style-local-1055-c1 position-relative\">\n  <!---->\n  <div data-colibri-component=\"section\" data-colibri-id=\"1055-c11\" id=\"features\" class=\"h-section h-section-global-spacing d-flex align-items-lg-center align-items-md-center align-items-center style-1274 style-local-1055-c11 position-relative\">\n    <!---->\n    <!---->\n    <div class=\"h-section-grid-container h-section-boxed-container\">\n      <div data-colibri-id=\"1055-c25\" class=\"h-row-container gutters-row-lg-2 gutters-row-md-2 gutters-row-0 gutters-row-v-lg-2 gutters-row-v-md-2 gutters-row-v-2 style-1279 style-local-1055-c25 position-relative\">\n        <!---->\n        <div class=\"h-row justify-content-lg-center justify-content-md-center justify-content-center align-items-lg-stretch align-items-md-stretch align-items-stretch gutters-col-lg-2 gutters-col-md-2 gutters-col-0 gutters-col-v-lg-2 gutters-col-v-md-2 gutters-col-v-2\">\n          <!---->\n          <div class=\"h-column h-column-container d-flex h-col-lg-auto h-col-md-auto h-col-auto style-1280-outer style-local-1055-c26-outer\">\n            <div data-colibri-id=\"1055-c26\" class=\"d-flex h-flex-basis h-column__inner h-px-lg-2 h-px-md-2 h-px-2 v-inner-lg-2 v-inner-md-2 v-inner-2 style-1280 style-local-1055-c26 position-relative\">\n              <!---->\n              <!---->\n              <div class=\"w-100 h-y-container h-column__content h-column__v-align flex-basis-100 align-self-lg-start align-self-md-start align-self-start\">\n                <!---->\n                <div data-colibri-id=\"1055-c28\" class=\"h-lead h-text h-text-component style-1282 style-local-1055-c28 position-relative h-element\">\n                  <!---->\n                  <!---->\n                  <div class=\"\">\n                    <p>Internet Solutions S.A.S. Ofrece servicios que ayudan a nuestros clientes a evaluar, implementar, respaldar y mantener soluciones de seguridad de la informaci\u00f3n:<\/p>\n                  <\/div>\n                <\/div>\n              <\/div>\n            <\/div>\n          <\/div>\n        <\/div>\n      <\/div>\n      <div data-colibri-id=\"1055-c12\" class=\"h-row-container gutters-row-lg-2 gutters-row-md-2 gutters-row-2 gutters-row-v-lg-2 gutters-row-v-md-2 gutters-row-v-2 style-1275 style-local-1055-c12 position-relative\">\n        <!---->\n        <div class=\"h-row justify-content-lg-center justify-content-md-center justify-content-center align-items-lg-stretch align-items-md-stretch align-items-stretch gutters-col-lg-2 gutters-col-md-2 gutters-col-2 gutters-col-v-lg-2 gutters-col-v-md-2 gutters-col-v-2\">\n          <!---->\n          <div class=\"h-column h-column-container d-flex h-col-lg-3 h-col-md-3 h-col-6 style-1276-outer style-local-1055-c13-outer\">\n            <div data-colibri-id=\"1055-c13\" class=\"d-flex h-flex-basis h-column__inner h-px-lg-0 h-px-md-0 h-px-0 v-inner-lg-0 v-inner-md-0 v-inner-2 style-1276 style-local-1055-c13 position-relative\">\n              <!---->\n              <!---->\n              <div class=\"w-100 h-y-container h-column__content h-column__v-align flex-basis-100 align-self-lg-start align-self-md-start align-self-start\">\n                <!---->\n                <div data-colibri-id=\"1055-c14\" class=\"h-icon style-1277 style-local-1055-c14 position-relative h-element\">\n                  <!----><span class=\"h-svg-icon h-icon__icon style-1277-icon style-local-1055-c14-icon\"><!--Icon by Font Awesome (https:\/\/fontawesome.com)-->\n    <svg version=\"1.1\" xmlns=\"http:\/\/www.w3.org\/2000\/svg\" xmlns:xlink=\"http:\/\/www.w3.org\/1999\/xlink\" id=\"database\" viewBox=\"0 0 1542.7035 1896.0833\">\n      <path d=\"M768 768q237 0 443-43t325-127v170q0 69-103 128t-280 93.5-385 34.5-385-34.5T103 896 0 768V598q119 84 325 127t443 43zm0 768q237 0 443-43t325-127v170q0 69-103 128t-280 93.5-385 34.5-385-34.5-280-93.5T0 1536v-170q119 84 325 127t443 43zm0-384q237 0 443-43t325-127v170q0 69-103 128t-280 93.5-385 34.5-385-34.5-280-93.5T0 1152V982q119 84 325 127t443 43zM768 0q208 0 385 34.5t280 93.5 103 128v128q0 69-103 128t-280 93.5T768 640t-385-34.5T103 512 0 384V256q0-69 103-128t280-93.5T768 0z\"><\/path>\n    <\/svg><\/span><\/div>\n                <div data-colibri-id=\"1055-c15\" class=\"h-global-transition-all h-heading style-1278 style-local-1055-c15 position-relative h-element\">\n                  <!---->\n                  <div class=\"h-heading__outer style-1278 style-local-1055-c15\">\n                    <!---->\n                    <!---->\n                    <h4 class=\"\">Aseguramiento de bases de datos.<\/h4>\n                  <\/div>\n                <\/div>\n              <\/div>\n            <\/div>\n          <\/div>\n          <div class=\"h-column h-column-container d-flex h-col-lg-3 h-col-md-3 h-col-6 style-1276-outer style-local-1055-c16-outer\">\n            <div data-colibri-id=\"1055-c16\" class=\"d-flex h-flex-basis h-column__inner h-px-lg-0 h-px-md-0 h-px-0 v-inner-lg-0 v-inner-md-0 v-inner-2 style-1276 style-local-1055-c16 position-relative\">\n              <!---->\n              <!---->\n              <div class=\"w-100 h-y-container h-column__content h-column__v-align flex-basis-100 align-self-lg-start align-self-md-start align-self-start\">\n                <!---->\n                <div data-colibri-id=\"1055-c17\" class=\"h-icon style-1277 style-local-1055-c17 position-relative h-element\">\n                  <!----><span class=\"h-svg-icon h-icon__icon style-1277-icon style-local-1055-c17-icon\"><!--Icon by Font Awesome (https:\/\/fontawesome.com)-->\n    <svg version=\"1.1\" xmlns=\"http:\/\/www.w3.org\/2000\/svg\" xmlns:xlink=\"http:\/\/www.w3.org\/1999\/xlink\" id=\"tasks\" viewBox=\"0 0 1792 1896.0833\">\n      <path d=\"M1024 1408h640v-128h-640v128zM640 896h1024V768H640v128zm640-512h384V256h-384v128zm512 832v256q0 26-19 45t-45 19H64q-26 0-45-19t-19-45v-256q0-26 19-45t45-19h1664q26 0 45 19t19 45zm0-512v256q0 26-19 45t-45 19H64q-26 0-45-19T0 960V704q0-26 19-45t45-19h1664q26 0 45 19t19 45zm0-512v256q0 26-19 45t-45 19H64q-26 0-45-19T0 448V192q0-26 19-45t45-19h1664q26 0 45 19t19 45z\"><\/path>\n    <\/svg><\/span><\/div>\n                <div data-colibri-id=\"1055-c18\" class=\"h-global-transition-all h-heading style-1278 style-local-1055-c18 position-relative h-element\">\n                  <!---->\n                  <div class=\"h-heading__outer style-1278 style-local-1055-c18\">\n                    <!---->\n                    <!---->\n                    <h4 class=\"\">Auditorias de Seguridad Inform\u00e1tica<\/h4>\n                  <\/div>\n                <\/div>\n              <\/div>\n            <\/div>\n          <\/div>\n          <div class=\"h-column h-column-container d-flex h-col-lg-3 h-col-md-3 h-col-6 style-1276-outer style-local-1055-c19-outer\">\n            <div data-colibri-id=\"1055-c19\" class=\"d-flex h-flex-basis h-column__inner h-px-lg-0 h-px-md-0 h-px-0 v-inner-lg-0 v-inner-md-0 v-inner-2 style-1276 style-local-1055-c19 position-relative\">\n              <!---->\n              <!---->\n              <div class=\"w-100 h-y-container h-column__content h-column__v-align flex-basis-100 align-self-lg-start align-self-md-start align-self-start\">\n                <!---->\n                <div data-colibri-id=\"1055-c20\" class=\"h-icon style-1277 style-local-1055-c20 position-relative h-element\">\n                  <!----><span class=\"h-svg-icon h-icon__icon style-1277-icon style-local-1055-c20-icon\"><!--Icon by Font Awesome (https:\/\/fontawesome.com)-->\n    <svg version=\"1.1\" xmlns=\"http:\/\/www.w3.org\/2000\/svg\" xmlns:xlink=\"http:\/\/www.w3.org\/1999\/xlink\" id=\"exchange\" viewBox=\"0 0 1792 1896.0833\">\n      <path d=\"M1792 1184v192q0 13-9.5 22.5t-22.5 9.5H384v192q0 13-9.5 22.5T352 1632q-12 0-24-10L9 1302q-9-9-9-22 0-14 9-23l320-320q9-9 23-9 13 0 22.5 9.5T384 960v192h1376q13 0 22.5 9.5t9.5 22.5zm0-544q0 14-9 23l-320 320q-9 9-23 9-13 0-22.5-9.5T1408 960V768H32q-13 0-22.5-9.5T0 736V544q0-13 9.5-22.5T32 512h1376V320q0-14 9-23t23-9q12 0 24 10l319 319q9 9 9 23z\"><\/path>\n    <\/svg><\/span><\/div>\n                <div data-colibri-id=\"1055-c21\" class=\"h-global-transition-all h-heading style-1278 style-local-1055-c21 position-relative h-element\">\n                  <!---->\n                  <div class=\"h-heading__outer style-1278 style-local-1055-c21\">\n                    <!---->\n                    <!---->\n                    <h4 class=\"\">Automatizaci\u00f3n de los procesos inform\u00e1ticos.<\/h4>\n                  <\/div>\n                <\/div>\n              <\/div>\n            <\/div>\n          <\/div>\n          <div class=\"h-column h-column-container d-flex h-col-lg-3 h-col-md-3 h-col-6 style-1276-outer style-local-1055-c22-outer\">\n            <div data-colibri-id=\"1055-c22\" class=\"d-flex h-flex-basis h-column__inner h-px-lg-0 h-px-md-0 h-px-0 v-inner-lg-0 v-inner-md-0 v-inner-2 style-1276 style-local-1055-c22 position-relative\">\n              <!---->\n              <!---->\n              <div class=\"w-100 h-y-container h-column__content h-column__v-align flex-basis-100 align-self-lg-start align-self-md-start align-self-start\">\n                <!---->\n                <div data-colibri-id=\"1055-c23\" class=\"h-icon style-1277 style-local-1055-c23 position-relative h-element\">\n                  <!----><span class=\"h-svg-icon h-icon__icon style-1277-icon style-local-1055-c23-icon\"><!--Icon by Font Awesome (https:\/\/fontawesome.com)-->\n    <svg version=\"1.1\" xmlns=\"http:\/\/www.w3.org\/2000\/svg\" xmlns:xlink=\"http:\/\/www.w3.org\/1999\/xlink\" id=\"users\" viewBox=\"0 0 1920 1896.0833\">\n      <path d=\"M593 896q-162 5-265 128H194q-82 0-138-40.5T0 865q0-353 124-353 6 0 43.5 21t97.5 42.5T384 597q67 0 133-23-5 37-5 66 0 139 81 256zm1071 637q0 120-73 189.5t-194 69.5H523q-121 0-194-69.5T256 1533q0-53 3.5-103.5t14-109T300 1212t43-97.5 62-81 85.5-53.5T602 960q10 0 43 21.5t73 48 107 48 135 21.5 135-21.5 107-48 73-48 43-21.5q61 0 111.5 20t85.5 53.5 62 81 43 97.5 26.5 108.5 14 109 3.5 103.5zM640 256q0 106-75 181t-181 75-181-75-75-181 75-181T384 0t181 75 75 181zm704 384q0 159-112.5 271.5T960 1024 688.5 911.5 576 640t112.5-271.5T960 256t271.5 112.5T1344 640zm576 225q0 78-56 118.5t-138 40.5h-134q-103-123-265-128 81-117 81-256 0-29-5-66 66 23 133 23 59 0 119-21.5t97.5-42.5 43.5-21q124 0 124 353zm-128-609q0 106-75 181t-181 75-181-75-75-181 75-181 181-75 181 75 75 181z\"><\/path>\n    <\/svg><\/span><\/div>\n                <div data-colibri-id=\"1055-c24\" class=\"h-global-transition-all h-heading style-1278 style-local-1055-c24 position-relative h-element\">\n                  <!---->\n                  <div class=\"h-heading__outer style-1278 style-local-1055-c24\">\n                    <!---->\n                    <!---->\n                    <h4 class=\"\">Capacitaci\u00f3n y formaci\u00f3n en seguridad inform\u00e1tica.<\/h4>\n                  <\/div>\n                <\/div>\n              <\/div>\n            <\/div>\n          <\/div>\n          <div class=\"h-column h-column-container d-flex h-col-lg-3 h-col-md-3 h-col-6 style-1283-outer style-local-1055-c29-outer\">\n            <div data-colibri-id=\"1055-c29\" class=\"d-flex h-flex-basis h-column__inner h-px-lg-2 h-px-md-2 h-px-2 v-inner-lg-2 v-inner-md-2 v-inner-2 style-1283 style-local-1055-c29 position-relative\">\n              <!---->\n              <!---->\n              <div class=\"w-100 h-y-container h-column__content h-column__v-align flex-basis-100 align-self-lg-start align-self-md-start align-self-start\">\n                <!---->\n                <div data-colibri-id=\"1055-c30\" class=\"h-icon style-1285 style-local-1055-c30 position-relative h-element\">\n                  <!----><span class=\"h-svg-icon h-icon__icon style-1285-icon style-local-1055-c30-icon\"><!--Icon by Font Awesome (https:\/\/fontawesome.com)-->\n    <svg version=\"1.1\" xmlns=\"http:\/\/www.w3.org\/2000\/svg\" xmlns:xlink=\"http:\/\/www.w3.org\/1999\/xlink\" id=\"user-secret\" viewBox=\"0 0 1536 1896.0833\">\n      <path d=\"M576 1536l96-448-96-128-128-64zm256 0l128-640-128 64-96 128zM992 526q-2-4-4-6-10-8-96-8-70 0-167 19-7 2-21 2t-21-2q-97-19-167-19-86 0-96 8-2 2-4 6 2 18 4 27 2 3 7.5 6.5T435 570q2 4 7.5 20.5t7 20.5 7.5 17 8.5 17 9 14 12 13.5 14 9.5 17.5 8 20.5 4 24.5 2q36 0 59-12.5t32.5-30T669 619t11.5-29.5T698 577h12q11 0 17.5 12.5T739 619t14.5 34.5 32.5 30 59 12.5q13 0 24.5-2t20.5-4 17.5-8 14-9.5 12-13.5 9-14 8.5-17 7.5-17 7-20.5T973 570q2-7 7.5-10.5t7.5-6.5q2-9 4-27zm416 879q0 121-73 190t-194 69H267q-121 0-194-69T0 1405q0-61 4.5-118t19-125.5T61 1038t63.5-103.5T218 860l-90-220h214q-22-64-22-128 0-12 2-32-194-40-194-96 0-57 210-99 17-62 51.5-134T460 37q32-37 76-37 30 0 84 31t84 31 84-31 84-31q44 0 76 37 36 42 70.5 114t51.5 134q210 42 210 99 0 56-194 96 7 81-20 160h214l-82 225q63 33 107.5 96.5T1371 1105t29 151.5 8 148.5z\"><\/path>\n    <\/svg><\/span><\/div>\n                <div data-colibri-id=\"1055-c32\" class=\"h-global-transition-all h-heading style-1287 style-local-1055-c32 position-relative h-element\">\n                  <!---->\n                  <div class=\"h-heading__outer style-1287 style-local-1055-c32\">\n                    <!---->\n                    <!---->\n                    <h4 class=\"\">Computaci\u00f3n forense.<\/h4>\n                  <\/div>\n                <\/div>\n              <\/div>\n            <\/div>\n          <\/div>\n          <div class=\"h-column h-column-container d-flex h-col-lg-3 h-col-md-3 h-col-6 style-1288-outer style-local-1055-c33-outer\">\n            <div data-colibri-id=\"1055-c33\" class=\"d-flex h-flex-basis h-column__inner h-px-lg-2 h-px-md-2 h-px-2 v-inner-lg-2 v-inner-md-2 v-inner-2 style-1288 style-local-1055-c33 position-relative\">\n              <!---->\n              <!---->\n              <div class=\"w-100 h-y-container h-column__content h-column__v-align flex-basis-100 align-self-lg-start align-self-md-start align-self-start\">\n                <!---->\n                <div data-colibri-id=\"1055-c36\" class=\"h-icon style-1292 style-local-1055-c36 position-relative h-element\">\n                  <!----><span class=\"h-svg-icon h-icon__icon style-1292-icon style-local-1055-c36-icon\"><!--Icon by Font Awesome (https:\/\/fontawesome.com)-->\n    <svg version=\"1.1\" xmlns=\"http:\/\/www.w3.org\/2000\/svg\" xmlns:xlink=\"http:\/\/www.w3.org\/1999\/xlink\" id=\"check\" viewBox=\"0 0 1792 1896.0833\">\n      <path d=\"M1671 566q0 40-28 68l-724 724-136 136q-28 28-68 28t-68-28l-136-136-362-362q-28-28-28-68t28-68l136-136q28-28 68-28t68 28l294 295 656-657q28-28 68-28t68 28l136 136q28 28 28 68z\"><\/path>\n    <\/svg><\/span><\/div>\n                <div data-colibri-id=\"1055-c39\" class=\"h-global-transition-all h-heading style-1297 style-local-1055-c39 position-relative h-element\">\n                  <!---->\n                  <div class=\"h-heading__outer style-1297 style-local-1055-c39\">\n                    <!---->\n                    <!---->\n                    <h4 class=\"\">Control y calificaci\u00f3n de la informaci\u00f3n<\/h4>\n                  <\/div>\n                <\/div>\n              <\/div>\n            <\/div>\n          <\/div>\n          <div class=\"h-column h-column-container d-flex h-col-lg-3 h-col-md-3 h-col-6 style-1289-outer style-local-1055-c34-outer\">\n            <div data-colibri-id=\"1055-c34\" class=\"d-flex h-flex-basis h-column__inner h-px-lg-2 h-px-md-2 h-px-2 v-inner-lg-2 v-inner-md-2 v-inner-2 style-1289 style-local-1055-c34 position-relative\">\n              <!---->\n              <!---->\n              <div class=\"w-100 h-y-container h-column__content h-column__v-align flex-basis-100 align-self-lg-start align-self-md-start align-self-start\">\n                <!---->\n                <div data-colibri-id=\"1055-c37\" class=\"h-icon style-1294 style-local-1055-c37 position-relative h-element\">\n                  <!----><span class=\"h-svg-icon h-icon__icon style-1294-icon style-local-1055-c37-icon\"><!--Icon by Font Awesome (https:\/\/fontawesome.com)-->\n    <svg version=\"1.1\" xmlns=\"http:\/\/www.w3.org\/2000\/svg\" xmlns:xlink=\"http:\/\/www.w3.org\/1999\/xlink\" id=\"book\" viewBox=\"0 0 1664 1896.0833\">\n      <path d=\"M1639 478q40 57 18 129l-275 906q-19 64-76.5 107.5T1183 1664H260q-77 0-148.5-53.5T12 1479q-24-67-2-127 0-4 3-27t4-37q1-8-3-21.5t-3-19.5q2-11 8-21t16.5-23.5T52 1179q23-38 45-91.5t30-91.5q3-10 .5-30t-.5-28q3-11 17-28t17-23q21-36 42-92t25-90q1-9-2.5-32t.5-28q4-13 22-30.5t22-22.5q19-26 42.5-84.5T340 411q1-8-3-25.5t-2-26.5q2-8 9-18t18-23 17-21q8-12 16.5-30.5t15-35 16-36 19.5-32 26.5-23.5 36-11.5T556 134l-1 3q38-9 51-9h761q74 0 114 56t18 130l-274 906q-36 119-71.5 153.5T1025 1408H156q-27 0-38 15-11 16-1 43 24 70 144 70h923q29 0 56-15.5t35-41.5l300-987q7-22 5-57 38 15 59 43zm-1064 2q-4 13 2 22.5t20 9.5h608q13 0 25.5-9.5T1247 480l21-64q4-13-2-22.5t-20-9.5H638q-13 0-25.5 9.5T596 416zm-83 256q-4 13 2 22.5t20 9.5h608q13 0 25.5-9.5T1164 736l21-64q4-13-2-22.5t-20-9.5H555q-13 0-25.5 9.5T513 672z\"><\/path>\n    <\/svg><\/span><\/div>\n                <div data-colibri-id=\"1055-c40\" class=\"h-global-transition-all h-heading style-1298 style-local-1055-c40 position-relative h-element\">\n                  <!---->\n                  <div class=\"h-heading__outer style-1298 style-local-1055-c40\">\n                    <!---->\n                    <!---->\n                    <h4 class=\"\">Revisi\u00f3n de Aplicaciones Web Transaccionales.<\/h4>\n                  <\/div>\n                <\/div>\n              <\/div>\n            <\/div>\n          <\/div>\n          <div class=\"h-column h-column-container d-flex h-col-lg-3 h-col-md-3 h-col-6 style-1290-outer style-local-1055-c35-outer\">\n            <div data-colibri-id=\"1055-c35\" class=\"d-flex h-flex-basis h-column__inner h-px-lg-2 h-px-md-2 h-px-2 v-inner-lg-2 v-inner-md-2 v-inner-2 style-1290 style-local-1055-c35 position-relative\">\n              <!---->\n              <!---->\n              <div class=\"w-100 h-y-container h-column__content h-column__v-align flex-basis-100 align-self-lg-start align-self-md-start align-self-start\">\n                <!---->\n                <div data-colibri-id=\"1055-c38\" class=\"h-icon style-1296 style-local-1055-c38 position-relative h-element\">\n                  <!----><span class=\"h-svg-icon h-icon__icon style-1296-icon style-local-1055-c38-icon\"><!--Icon by Font Awesome (https:\/\/fontawesome.com)-->\n    <svg version=\"1.1\" xmlns=\"http:\/\/www.w3.org\/2000\/svg\" xmlns:xlink=\"http:\/\/www.w3.org\/1999\/xlink\" id=\"suitcase\" viewBox=\"0 0 1792 1896.0833\">\n      <path d=\"M640 384h512V256H640v128zm-352 0v1280h-64q-92 0-158-66T0 1440V608q0-92 66-158t158-66h64zm1120 0v1280H384V384h128V224q0-40 28-68t68-28h576q40 0 68 28t28 68v160h128zm384 224v832q0 92-66 158t-158 66h-64V384h64q92 0 158 66t66 158z\"><\/path>\n    <\/svg><\/span><\/div>\n                <div data-colibri-id=\"1055-c41\" class=\"h-global-transition-all h-heading style-1299 style-local-1055-c41 position-relative h-element\">\n                  <!---->\n                  <div class=\"h-heading__outer style-1299 style-local-1055-c41\">\n                    <!---->\n                    <!---->\n                    <h4 class=\"\">Servicios profesionales de respuesta a incidentes y computo forense.<\/h4>\n                  <\/div>\n                <\/div>\n              <\/div>\n            <\/div>\n          <\/div>\n        <\/div>\n      <\/div>\n    <\/div>\n  <\/div>\n<\/div>","protected":false},"excerpt":{"rendered":"<p>Internet Solutions S.A.S. Ofrece servicios que ayudan a nuestros clientes a evaluar, implementar, respaldar y mantener soluciones de seguridad de la informaci\u00f3n: Aseguramiento de bases de datos. Auditorias de Seguridad Inform\u00e1tica Automatizaci\u00f3n de los procesos inform\u00e1ticos. Capacitaci\u00f3n y formaci\u00f3n en seguridad inform\u00e1tica. Computaci\u00f3n forense. Control y calificaci\u00f3n de la informaci\u00f3n Revisi\u00f3n de Aplicaciones Web Transaccionales. [&hellip;]<\/p>\n","protected":false},"author":1,"featured_media":0,"parent":0,"menu_order":0,"comment_status":"closed","ping_status":"closed","template":"page-templates\/full-width-page.php","meta":{"_joinchat":[],"footnotes":""},"class_list":["post-1055","page","type-page","status-publish","hentry"],"_links":{"self":[{"href":"https:\/\/www.internet-solutions.com.co\/wp-json\/wp\/v2\/pages\/1055","targetHints":{"allow":["GET"]}}],"collection":[{"href":"https:\/\/www.internet-solutions.com.co\/wp-json\/wp\/v2\/pages"}],"about":[{"href":"https:\/\/www.internet-solutions.com.co\/wp-json\/wp\/v2\/types\/page"}],"author":[{"embeddable":true,"href":"https:\/\/www.internet-solutions.com.co\/wp-json\/wp\/v2\/users\/1"}],"replies":[{"embeddable":true,"href":"https:\/\/www.internet-solutions.com.co\/wp-json\/wp\/v2\/comments?post=1055"}],"version-history":[{"count":3,"href":"https:\/\/www.internet-solutions.com.co\/wp-json\/wp\/v2\/pages\/1055\/revisions"}],"predecessor-version":[{"id":1081,"href":"https:\/\/www.internet-solutions.com.co\/wp-json\/wp\/v2\/pages\/1055\/revisions\/1081"}],"wp:attachment":[{"href":"https:\/\/www.internet-solutions.com.co\/wp-json\/wp\/v2\/media?parent=1055"}],"curies":[{"name":"wp","href":"https:\/\/api.w.org\/{rel}","templated":true}]}}